{"id":95,"date":"2018-06-18T12:34:03","date_gmt":"2018-06-18T12:34:03","guid":{"rendered":"http:\/\/localhost\/nord\/?page_id=95"},"modified":"2021-12-09T18:12:17","modified_gmt":"2021-12-09T17:12:17","slug":"about-2","status":"publish","type":"page","link":"http:\/\/www.annelaureperrone.com\/book\/about-2\/","title":{"rendered":"\u00e0 propos&#8230;"},"content":{"rendered":"<p><img loading=\"lazy\" class=\"wp-image-311 size-medium alignleft\" src=\"https:\/\/i0.wp.com\/www.annelaureperrone.com\/book\/wp-content\/uploads\/2018\/10\/alp-1.png?resize=267%2C300\" alt=\"\" width=\"267\" height=\"300\" srcset=\"https:\/\/i0.wp.com\/www.annelaureperrone.com\/book\/wp-content\/uploads\/2018\/10\/alp-1.png?resize=267%2C300 267w, https:\/\/i0.wp.com\/www.annelaureperrone.com\/book\/wp-content\/uploads\/2018\/10\/alp-1.png?resize=768%2C862 768w, https:\/\/i0.wp.com\/www.annelaureperrone.com\/book\/wp-content\/uploads\/2018\/10\/alp-1.png?resize=912%2C1024 912w, https:\/\/i0.wp.com\/www.annelaureperrone.com\/book\/wp-content\/uploads\/2018\/10\/alp-1.png?w=1000 1000w\" sizes=\"(max-width: 267px) 100vw, 267px\" data-recalc-dims=\"1\" \/><\/p>\n<p>\u00catre libre d\u2019adapter la fa\u00e7on de faire \u00e0 chaque projet, pour qu\u2019il trouve son identit\u00e9, \u00e0 la fois singuli\u00e8re et coh\u00e9rente avec vos attentes et celles des destinataires vis\u00e9s.<br>\nTravailler sans interm\u00e9diaire pour accompagner, \u00e9couter et partager une vision strat\u00e9gique.<br>\nCe sont ces envies qui m\u2019ont conduite, il y a plus de 10 ans, apr\u00e8s une exp\u00e9rience confirm\u00e9e en agence, \u00e0 choisir le statut d\u2019ind\u00e9pendant.<\/p>\n<p>Observatrice, curieuse et r\u00e9active, je suis passionn\u00e9e par toutes les formes de cr\u00e9ation graphique avec un go\u00fbt prononc\u00e9 pour l\u2019identit\u00e9 visuelle, l\u2019imprim\u00e9 et la typographie.<\/p>\n<p>N&rsquo;h\u00e9sitez pas \u00e0 me contacter pour me parler de votre projet.<\/p>\n\n\n<p class=\"has-text-align-left\">06 82 68 50 60   <br><a href=\"mailto:alp@annelaureperrone.com\">alp@annelaureperrone.com<\/a><\/p>\n","protected":false},"excerpt":{"rendered":"<p>\u00catre libre d\u2019adapter la fa\u00e7on de faire \u00e0 chaque projet, pour qu\u2019il trouve son identit\u00e9, \u00e0 la fois singuli\u00e8re et coh\u00e9rente avec vos attentes et celles des destinataires vis\u00e9s. Travailler sans interm\u00e9diaire pour accompagner, \u00e9couter et partager une vision strat\u00e9gique. Ce sont ces envies qui m\u2019ont conduite, il y a plus de 10 ans, apr\u00e8s [&hellip;]<\/p>\n","protected":false},"author":1,"featured_media":0,"parent":0,"menu_order":0,"comment_status":"closed","ping_status":"closed","template":"template-normal.php","meta":{"spay_email":""},"_links":{"self":[{"href":"http:\/\/www.annelaureperrone.com\/book\/wp-json\/wp\/v2\/pages\/95"}],"collection":[{"href":"http:\/\/www.annelaureperrone.com\/book\/wp-json\/wp\/v2\/pages"}],"about":[{"href":"http:\/\/www.annelaureperrone.com\/book\/wp-json\/wp\/v2\/types\/page"}],"author":[{"embeddable":true,"href":"http:\/\/www.annelaureperrone.com\/book\/wp-json\/wp\/v2\/users\/1"}],"replies":[{"embeddable":true,"href":"http:\/\/www.annelaureperrone.com\/book\/wp-json\/wp\/v2\/comments?post=95"}],"version-history":[{"count":20,"href":"http:\/\/www.annelaureperrone.com\/book\/wp-json\/wp\/v2\/pages\/95\/revisions"}],"predecessor-version":[{"id":460,"href":"http:\/\/www.annelaureperrone.com\/book\/wp-json\/wp\/v2\/pages\/95\/revisions\/460"}],"wp:attachment":[{"href":"http:\/\/www.annelaureperrone.com\/book\/wp-json\/wp\/v2\/media?parent=95"}],"curies":[{"name":"wp","href":"https:\/\/api.w.org\/{rel}","templated":true}]}}